{"id":14,"date":"2025-01-13T15:34:30","date_gmt":"2025-01-13T14:34:30","guid":{"rendered":"http:\/\/syvemastudio.com\/admin04012025\/?page_id=14"},"modified":"2025-01-21T10:36:12","modified_gmt":"2025-01-21T09:36:12","slug":"home","status":"publish","type":"page","link":"https:\/\/syvemastudio.com\/admin04012025\/","title":{"rendered":"Home"},"content":{"rendered":"<p>[et_pb_section fb_built=\u00a0\u00bb1&Prime; fullwidth=\u00a0\u00bbon\u00a0\u00bb next_background_color=\u00a0\u00bb#ffffff\u00a0\u00bb _builder_version=\u00a0\u00bb4.20.4&Prime; _module_preset=\u00a0\u00bbdefault\u00a0\u00bb background_image=\u00a0\u00bbhttps:\/\/syvemastudio.com\/admin04012025\/wp-content\/uploads\/2025\/01\/Design-sans-titre-1-e1737300626799.png\u00a0\u00bb min_height=\u00a0\u00bb350px\u00a0\u00bb max_height=\u00a0\u00bb350px\u00a0\u00bb custom_margin=\u00a0\u00bb10px||||false|false\u00a0\u00bb bottom_divider_style=\u00a0\u00bbcurve\u00a0\u00bb bottom_divider_height=\u00a0\u00bb35px\u00a0\u00bb global_colors_info=\u00a0\u00bb{}\u00a0\u00bb][\/et_pb_section][et_pb_section fb_built=\u00a0\u00bb1&Prime; _builder_version=\u00a0\u00bb4.20.4&Prime; _module_preset=\u00a0\u00bbdefault\u00a0\u00bb custom_margin=\u00a0\u00bb0px||0px||false|false\u00a0\u00bb custom_padding=\u00a0\u00bb0px||0px||false|false\u00a0\u00bb global_colors_info=\u00a0\u00bb{}\u00a0\u00bb][et_pb_row _builder_version=\u00a0\u00bb4.20.4&Prime; _module_preset=\u00a0\u00bbdefault\u00a0\u00bb global_colors_info=\u00a0\u00bb{}\u00a0\u00bb][et_pb_column type=\u00a0\u00bb4_4&Prime; _builder_version=\u00a0\u00bb4.20.4&Prime; _module_preset=\u00a0\u00bbdefault\u00a0\u00bb global_colors_info=\u00a0\u00bb{}\u00a0\u00bb][et_pb_text admin_label=\u00a0\u00bbTexte\u00a0\u00bb _builder_version=\u00a0\u00bb4.20.4&Prime; _module_preset=\u00a0\u00bbdefault\u00a0\u00bb global_colors_info=\u00a0\u00bb{}\u00a0\u00bb]<\/p>\n<p>Syvema est un espace o\u00f9 \u00e0 la fois les petites princesses et leurs mamans peuvent faire partie d&rsquo;un monde magique, en cr\u00e9ant non seulement des souvenirs inoubliables, mais aussi du contenu styl\u00e9. Nous proposons des s\u00e9ances photo exclusives, la location de robes pour filles dans des styles d\u2019\u00e9poque majestueux, ainsi que des robes de soir\u00e9e \u00e9l\u00e9gantes et distingu\u00e9es pour les mamans. De plus, vous pouvez louer une robe de mari\u00e9e pour une s\u00e9ance photo dans les rues de Versailles ou dans le ch\u00e2teau, cr\u00e9ant des souvenirs intemporels dans ce lieu enchanteur. Nous offrons \u00e9galement la possibilit\u00e9 de r\u00e9aliser des vid\u00e9os professionnelles et des Reels, id\u00e9ales pour les blogueurs et cr\u00e9ateurs de contenu, vous permettant de partager la magie de notre espace avec votre audience et de capturer des moments f\u00e9\u00e9riques qui inspirent de nouveaux r\u00eaves.<\/p>\n<p>&nbsp;<\/p>\n<p>[\/et_pb_text][divi_catalog_booking booking_params=\u00a0\u00bbon\u00a0\u00bb skip_categories=\u00a0\u00bbon\u00a0\u00bb in_dialog=\u00a0\u00bbon\u00a0\u00bb _builder_version=\u00a0\u00bb4.20.4&Prime; _module_preset=\u00a0\u00bbdefault\u00a0\u00bb global_colors_info=\u00a0\u00bb{}\u00a0\u00bb][\/divi_catalog_booking][\/et_pb_column][\/et_pb_row][\/et_pb_section]<\/p>\n","protected":false},"excerpt":{"rendered":"<p>Syvema est un espace o\u00f9 \u00e0 la fois les petites princesses et leurs mamans peuvent faire partie d&rsquo;un monde magique, en cr\u00e9ant non seulement des souvenirs inoubliables, mais aussi du contenu styl\u00e9. Nous proposons des s\u00e9ances photo exclusives, la location de robes pour filles dans des styles d\u2019\u00e9poque majestueux, ainsi que des robes de soir\u00e9e [&hellip;]<\/p>\n","protected":false},"author":1,"featured_media":0,"parent":0,"menu_order":0,"comment_status":"closed","ping_status":"closed","template":"","meta":{"_et_pb_use_builder":"on","_et_pb_old_content":"","_et_gb_content_width":"","footnotes":""},"class_list":["post-14","page","type-page","status-publish","hentry"],"_links":{"self":[{"href":"https:\/\/syvemastudio.com\/admin04012025\/wp-json\/wp\/v2\/pages\/14","targetHints":{"allow":["GET"]}}],"collection":[{"href":"https:\/\/syvemastudio.com\/admin04012025\/wp-json\/wp\/v2\/pages"}],"about":[{"href":"https:\/\/syvemastudio.com\/admin04012025\/wp-json\/wp\/v2\/types\/page"}],"author":[{"embeddable":true,"href":"https:\/\/syvemastudio.com\/admin04012025\/wp-json\/wp\/v2\/users\/1"}],"replies":[{"embeddable":true,"href":"https:\/\/syvemastudio.com\/admin04012025\/wp-json\/wp\/v2\/comments?post=14"}],"version-history":[{"count":46,"href":"https:\/\/syvemastudio.com\/admin04012025\/wp-json\/wp\/v2\/pages\/14\/revisions"}],"predecessor-version":[{"id":149,"href":"https:\/\/syvemastudio.com\/admin04012025\/wp-json\/wp\/v2\/pages\/14\/revisions\/149"}],"wp:attachment":[{"href":"https:\/\/syvemastudio.com\/admin04012025\/wp-json\/wp\/v2\/media?parent=14"}],"curies":[{"name":"wp","href":"https:\/\/api.w.org\/{rel}","templated":true}]}}